{"id":152,"date":"2019-05-13T00:00:17","date_gmt":"2019-05-13T00:00:17","guid":{"rendered":"https:\/\/transportexpertconseil.com\/?page_id=152"},"modified":"2020-02-04T20:28:31","modified_gmt":"2020-02-04T20:28:31","slug":"accueil-2","status":"publish","type":"page","link":"https:\/\/transportexpertconseil.com\/","title":{"rendered":"accueil"},"content":{"rendered":"<h1>BESOIN D&rsquo;OPTIMISER VOS CO\u00dbTS EN TRANSPORT?<\/h1>\n<p>\t\thttps:\/\/www.youtube.com\/watch?v=O9eDyovaUiY<\/p>\n<p>ALCT est un v\u00e9ritable levier pour l\u2019obtention de gains potentiels par son\u00a0 processus unique d\u2019analyse strat\u00e9gique.<\/p>\n<h2>Recevez une<br \/>\npr\u00e9-analyse GRATUITE<\/h2>\n<p>Remplissez le formulaire ci-dessous et un membre de notre \u00e9quipe vous contactera rapidement pour effectuer une analyse.<\/p>\n<figure><img data-recalc-dims=\"1\" loading=\"lazy\" decoding=\"async\" width=\"90\" height=\"90\" src=\"https:\/\/i0.wp.com\/transportexpertconseil.com\/wp-content\/uploads\/2019\/05\/1-1.png?resize=90%2C90&#038;ssl=1\" alt=\"\" \/><\/figure>\n<h3>Phase 1 : Pr\u00e9-analyse sans frais<\/h3>\n<p>Dans cette premi\u00e8re approche, notre \u00e9quipe d\u2019experts dans le domaine effectue une \u00e9tude sommaire de vos donn\u00e9es en transport, suivi de pr\u00e9visions sommaires des \u00e9conomies potentielles.<\/p>\n<figure><img data-recalc-dims=\"1\" loading=\"lazy\" decoding=\"async\" width=\"90\" height=\"90\" src=\"https:\/\/i0.wp.com\/transportexpertconseil.com\/wp-content\/uploads\/2019\/05\/2-1.png?resize=90%2C90&#038;ssl=1\" alt=\"\" \/><\/figure>\n<h3>Phase 2 : Diagnostic complet<\/h3>\n<p>L\u2019int\u00e9r\u00eat de la phase 2 est d\u2019analyser de mani\u00e8re approfondie le profil d\u2019entreprise en comparaison au march\u00e9 actuel. Par la suite, un plan d\u2019action strat\u00e9gique et op\u00e9rationnel ainsi qu\u2019une pr\u00e9paration de budget complet.<\/p>\n<figure><img data-recalc-dims=\"1\" loading=\"lazy\" decoding=\"async\" width=\"90\" height=\"90\" src=\"https:\/\/i0.wp.com\/transportexpertconseil.com\/wp-content\/uploads\/2019\/05\/3-1.png?resize=90%2C90&#038;ssl=1\" alt=\"\" \/><\/figure>\n<h3>Phase 3 : Suivi personnalis\u00e9 <\/h3>\n<p>Dans cette derni\u00e8re \u00e9tape, un suivi personnalis\u00e9 est primordial, afin que le client ait acc\u00e8s \u00e0 une visibilit\u00e9 en continu et une compr\u00e9hension des d\u00e9penses en transport ainsi que les strat\u00e9gies \u00e0 suivre afin de contr\u00f4ler et optimiser son transport dans sa cha\u00eene de production.<\/p>\n<h4>AVANTAGES<\/h4>\n<p>ALCT est un v\u00e9ritable levier pour l\u2019obtention de gains potentiels par son\u00a0 processus unique d\u2019analyse strat\u00e9gique. Gr\u00e2ce \u00e0 notre expertise distincte, notre \u00e9quipe d\u2019experts est votre indispensable\u00a0r\u00e9f\u00e9rence dans l\u2019industrie du transport\u00a0et votre partenaire de confiance.\u00a0<\/p>\n<p>Ce service permet d\u2019une part de mieux contr\u00f4ler les d\u00e9penses reli\u00e9es au transport et de b\u00e9n\u00e9ficier d\u2019une forte expertise en transport. <\/p>\n<h4>PLAN STRAT\u00c9GIQUE &#038; OP\u00c9RATIONNEL<\/h4>\n<ul>\n<li><strong>Optimisation<\/strong>\u00a0des processus internes ;<\/li>\n<li>Analyse de la\u00a0<strong>comp\u00e9tition dans l\u2019industrie ;\u00a0<\/strong><\/li>\n<li>\u00c9valuation et s\u00e9lection du mode de transport appropri\u00e9 ;<\/li>\n<li>\u00c9mission d\u2019un\u00a0<strong>guide de transport sp\u00e9cifique<\/strong>\u00a0\u00e0 chacun de vos sites ;<\/li>\n<li>Implantation des recommandations.\u200b<\/li>\n<\/ul>\n<figure><img data-recalc-dims=\"1\" decoding=\"async\" src=\"https:\/\/i0.wp.com\/transportexpertconseil.com\/wp-content\/uploads\/elementor\/thumbs\/1-o7qmy6qq1ompm0pwonu0s4rc2dm23ipikec9ptl3e0.png?w=1140&#038;ssl=1\" alt=\"1\" \/><\/figure>\n<figure><img data-recalc-dims=\"1\" decoding=\"async\" src=\"https:\/\/i0.wp.com\/transportexpertconseil.com\/wp-content\/uploads\/elementor\/thumbs\/5-o7qmyolnnjb5qlzysdjxli93cp615roeyuqhu2um3s.png?w=1140&#038;ssl=1\" alt=\"5\" \/><\/figure>\n<figure><img data-recalc-dims=\"1\" decoding=\"async\" src=\"https:\/\/i0.wp.com\/transportexpertconseil.com\/wp-content\/uploads\/elementor\/thumbs\/6-o7qmyqhc17dqdtx8hed6qhs0jgwrl5vvn41gsmrtrc.png?w=1140&#038;ssl=1\" alt=\"6\" \/><\/figure>\n<figure><img data-recalc-dims=\"1\" decoding=\"async\" src=\"https:\/\/i0.wp.com\/transportexpertconseil.com\/wp-content\/uploads\/elementor\/thumbs\/7-o7qmytaulphlcnt50xl2fz2ebmiv8972nhzx8gnn8o.png?w=1140&#038;ssl=1\" alt=\"7\" \/><\/figure>\n<figure><img data-recalc-dims=\"1\" decoding=\"async\" src=\"https:\/\/i0.wp.com\/transportexpertconseil.com\/wp-content\/uploads\/elementor\/thumbs\/4-o7qmyjwgpd4q4k6sjtisr1fsdrt73a5ra7h2fp1kyw.png?w=1140&#038;ssl=1\" alt=\"4\" \/><\/figure>\n<figure><img data-recalc-dims=\"1\" decoding=\"async\" src=\"https:\/\/i0.wp.com\/transportexpertconseil.com\/wp-content\/uploads\/elementor\/thumbs\/2-o7qmye9fkcx06wezgr31c2v0tgkzt3jd9fk5k19y08.png?w=1140&#038;ssl=1\" alt=\"2\" \/><\/figure>\n<figure><img data-recalc-dims=\"1\" decoding=\"async\" src=\"https:\/\/i0.wp.com\/transportexpertconseil.com\/wp-content\/uploads\/elementor\/thumbs\/logo-clients-ALCT-o84giz6vf5w1u1e4kkb6kwgyt3qzkh8soh7wvi42ug.png?w=1140&#038;ssl=1\" alt=\"logo clients ALCT\" \/><\/figure>\n<h3>POUR UNE CONSULTATION RAPIDE <\/h3>\n<p>\t\t\t<a role=\"button\"><br \/>\n\t\t\t\t\t\tENVOYER UN MESSAGE<br \/>\n\t\t\t\t\t<\/a><\/p>\n","protected":false},"excerpt":{"rendered":"<p>BESOIN D&rsquo;OPTIMISER VOS CO\u00dbTS EN TRANSPORT? https:\/\/www.youtube.com\/watch?v=O9eDyovaUiY ALCT est un v\u00e9ritable levier pour l\u2019obtention de gains potentiels par son\u00a0 processus unique d\u2019analyse strat\u00e9gique. Recevez une pr\u00e9-analyse GRATUITE Remplissez le formulaire ci-dessous et un membre de notre \u00e9quipe vous contactera rapidement pour effectuer une analyse. Phase 1 : Pr\u00e9-analyse sans frais Dans cette premi\u00e8re approche, notre [&hellip;]<\/p>\n","protected":false},"author":2,"featured_media":0,"parent":0,"menu_order":0,"comment_status":"closed","ping_status":"closed","template":"elementor_header_footer","meta":{"_coblocks_attr":"","_coblocks_dimensions":"","_coblocks_responsive_height":"","_coblocks_accordion_ie_support":"","jetpack_post_was_ever_published":false,"footnotes":""},"class_list":["post-152","page","type-page","status-publish","czr-hentry"],"yoast_head":"<!-- This site is optimized with the Yoast SEO plugin v27.4 - https:\/\/yoast.com\/product\/yoast-seo-wordpress\/ -->\n<title>accueil - ALCT - Gestion-Conseil en transport<\/title>\n<meta name=\"robots\" content=\"index, follow, max-snippet:-1, max-image-preview:large, max-video-preview:-1\" \/>\n<link rel=\"canonical\" href=\"https:\/\/transportexpertconseil.com\/\" \/>\n<meta property=\"og:locale\" content=\"fr_CA\" \/>\n<meta property=\"og:type\" content=\"article\" \/>\n<meta property=\"og:title\" content=\"accueil - ALCT - Gestion-Conseil en transport\" \/>\n<meta property=\"og:description\" content=\"BESOIN D&rsquo;OPTIMISER VOS CO\u00dbTS EN TRANSPORT? https:\/\/www.youtube.com\/watch?v=O9eDyovaUiY ALCT est un v\u00e9ritable levier pour l\u2019obtention de gains potentiels par son\u00a0 processus unique d\u2019analyse strat\u00e9gique. Recevez une pr\u00e9-analyse GRATUITE Remplissez le formulaire ci-dessous et un membre de notre \u00e9quipe vous contactera rapidement pour effectuer une analyse. Phase 1 : Pr\u00e9-analyse sans frais Dans cette premi\u00e8re approche, notre [&hellip;]\" \/>\n<meta property=\"og:url\" content=\"https:\/\/transportexpertconseil.com\/\" \/>\n<meta property=\"og:site_name\" content=\"ALCT - Gestion-Conseil en transport\" \/>\n<meta property=\"article:modified_time\" content=\"2020-02-04T20:28:31+00:00\" \/>\n<meta property=\"og:image\" content=\"https:\/\/transportexpertconseil.com\/wp-content\/uploads\/2019\/05\/1-1.png\" \/>\n<meta name=\"twitter:card\" content=\"summary_large_image\" \/>\n<meta name=\"twitter:label1\" content=\"Estimation du temps de lecture\" \/>\n\t<meta name=\"twitter:data1\" content=\"2 minutes\" \/>\n<script type=\"application\/ld+json\" class=\"yoast-schema-graph\">{\"@context\":\"https:\\\/\\\/schema.org\",\"@graph\":[{\"@type\":\"WebPage\",\"@id\":\"https:\\\/\\\/transportexpertconseil.com\\\/\",\"url\":\"https:\\\/\\\/transportexpertconseil.com\\\/\",\"name\":\"accueil - ALCT - Gestion-Conseil en transport\",\"isPartOf\":{\"@id\":\"https:\\\/\\\/transportexpertconseil.com\\\/#website\"},\"primaryImageOfPage\":{\"@id\":\"https:\\\/\\\/transportexpertconseil.com\\\/#primaryimage\"},\"image\":{\"@id\":\"https:\\\/\\\/transportexpertconseil.com\\\/#primaryimage\"},\"thumbnailUrl\":\"https:\\\/\\\/transportexpertconseil.com\\\/wp-content\\\/uploads\\\/2019\\\/05\\\/1-1.png\",\"datePublished\":\"2019-05-13T00:00:17+00:00\",\"dateModified\":\"2020-02-04T20:28:31+00:00\",\"breadcrumb\":{\"@id\":\"https:\\\/\\\/transportexpertconseil.com\\\/#breadcrumb\"},\"inLanguage\":\"fr-CA\",\"potentialAction\":[{\"@type\":\"ReadAction\",\"target\":[\"https:\\\/\\\/transportexpertconseil.com\\\/\"]}]},{\"@type\":\"ImageObject\",\"inLanguage\":\"fr-CA\",\"@id\":\"https:\\\/\\\/transportexpertconseil.com\\\/#primaryimage\",\"url\":\"https:\\\/\\\/i0.wp.com\\\/transportexpertconseil.com\\\/wp-content\\\/uploads\\\/2019\\\/05\\\/1-1.png?fit=90%2C90&ssl=1\",\"contentUrl\":\"https:\\\/\\\/i0.wp.com\\\/transportexpertconseil.com\\\/wp-content\\\/uploads\\\/2019\\\/05\\\/1-1.png?fit=90%2C90&ssl=1\",\"width\":90,\"height\":90},{\"@type\":\"BreadcrumbList\",\"@id\":\"https:\\\/\\\/transportexpertconseil.com\\\/#breadcrumb\",\"itemListElement\":[{\"@type\":\"ListItem\",\"position\":1,\"name\":\"Accueil\",\"item\":\"https:\\\/\\\/transportexpertconseil.com\\\/\"},{\"@type\":\"ListItem\",\"position\":2,\"name\":\"accueil\"}]},{\"@type\":\"WebSite\",\"@id\":\"https:\\\/\\\/transportexpertconseil.com\\\/#website\",\"url\":\"https:\\\/\\\/transportexpertconseil.com\\\/\",\"name\":\"ALCT - Gestion-Conseil en transport\",\"description\":\"Depuis 1997\",\"potentialAction\":[{\"@type\":\"SearchAction\",\"target\":{\"@type\":\"EntryPoint\",\"urlTemplate\":\"https:\\\/\\\/transportexpertconseil.com\\\/?s={search_term_string}\"},\"query-input\":{\"@type\":\"PropertyValueSpecification\",\"valueRequired\":true,\"valueName\":\"search_term_string\"}}],\"inLanguage\":\"fr-CA\"}]}<\/script>\n<!-- \/ Yoast SEO plugin. -->","yoast_head_json":{"title":"accueil - ALCT - Gestion-Conseil en transport","robots":{"index":"index","follow":"follow","max-snippet":"max-snippet:-1","max-image-preview":"max-image-preview:large","max-video-preview":"max-video-preview:-1"},"canonical":"https:\/\/transportexpertconseil.com\/","og_locale":"fr_CA","og_type":"article","og_title":"accueil - ALCT - Gestion-Conseil en transport","og_description":"BESOIN D&rsquo;OPTIMISER VOS CO\u00dbTS EN TRANSPORT? https:\/\/www.youtube.com\/watch?v=O9eDyovaUiY ALCT est un v\u00e9ritable levier pour l\u2019obtention de gains potentiels par son\u00a0 processus unique d\u2019analyse strat\u00e9gique. Recevez une pr\u00e9-analyse GRATUITE Remplissez le formulaire ci-dessous et un membre de notre \u00e9quipe vous contactera rapidement pour effectuer une analyse. Phase 1 : Pr\u00e9-analyse sans frais Dans cette premi\u00e8re approche, notre [&hellip;]","og_url":"https:\/\/transportexpertconseil.com\/","og_site_name":"ALCT - Gestion-Conseil en transport","article_modified_time":"2020-02-04T20:28:31+00:00","og_image":[{"url":"https:\/\/transportexpertconseil.com\/wp-content\/uploads\/2019\/05\/1-1.png","type":"","width":"","height":""}],"twitter_card":"summary_large_image","twitter_misc":{"Estimation du temps de lecture":"2 minutes"},"schema":{"@context":"https:\/\/schema.org","@graph":[{"@type":"WebPage","@id":"https:\/\/transportexpertconseil.com\/","url":"https:\/\/transportexpertconseil.com\/","name":"accueil - ALCT - Gestion-Conseil en transport","isPartOf":{"@id":"https:\/\/transportexpertconseil.com\/#website"},"primaryImageOfPage":{"@id":"https:\/\/transportexpertconseil.com\/#primaryimage"},"image":{"@id":"https:\/\/transportexpertconseil.com\/#primaryimage"},"thumbnailUrl":"https:\/\/transportexpertconseil.com\/wp-content\/uploads\/2019\/05\/1-1.png","datePublished":"2019-05-13T00:00:17+00:00","dateModified":"2020-02-04T20:28:31+00:00","breadcrumb":{"@id":"https:\/\/transportexpertconseil.com\/#breadcrumb"},"inLanguage":"fr-CA","potentialAction":[{"@type":"ReadAction","target":["https:\/\/transportexpertconseil.com\/"]}]},{"@type":"ImageObject","inLanguage":"fr-CA","@id":"https:\/\/transportexpertconseil.com\/#primaryimage","url":"https:\/\/i0.wp.com\/transportexpertconseil.com\/wp-content\/uploads\/2019\/05\/1-1.png?fit=90%2C90&ssl=1","contentUrl":"https:\/\/i0.wp.com\/transportexpertconseil.com\/wp-content\/uploads\/2019\/05\/1-1.png?fit=90%2C90&ssl=1","width":90,"height":90},{"@type":"BreadcrumbList","@id":"https:\/\/transportexpertconseil.com\/#breadcrumb","itemListElement":[{"@type":"ListItem","position":1,"name":"Accueil","item":"https:\/\/transportexpertconseil.com\/"},{"@type":"ListItem","position":2,"name":"accueil"}]},{"@type":"WebSite","@id":"https:\/\/transportexpertconseil.com\/#website","url":"https:\/\/transportexpertconseil.com\/","name":"ALCT - Gestion-Conseil en transport","description":"Depuis 1997","potentialAction":[{"@type":"SearchAction","target":{"@type":"EntryPoint","urlTemplate":"https:\/\/transportexpertconseil.com\/?s={search_term_string}"},"query-input":{"@type":"PropertyValueSpecification","valueRequired":true,"valueName":"search_term_string"}}],"inLanguage":"fr-CA"}]}},"jetpack_sharing_enabled":true,"jetpack_shortlink":"https:\/\/wp.me\/PasLXG-2s","jetpack-related-posts":[],"_links":{"self":[{"href":"https:\/\/transportexpertconseil.com\/index.php\/wp-json\/wp\/v2\/pages\/152","targetHints":{"allow":["GET"]}}],"collection":[{"href":"https:\/\/transportexpertconseil.com\/index.php\/wp-json\/wp\/v2\/pages"}],"about":[{"href":"https:\/\/transportexpertconseil.com\/index.php\/wp-json\/wp\/v2\/types\/page"}],"author":[{"embeddable":true,"href":"https:\/\/transportexpertconseil.com\/index.php\/wp-json\/wp\/v2\/users\/2"}],"replies":[{"embeddable":true,"href":"https:\/\/transportexpertconseil.com\/index.php\/wp-json\/wp\/v2\/comments?post=152"}],"version-history":[{"count":31,"href":"https:\/\/transportexpertconseil.com\/index.php\/wp-json\/wp\/v2\/pages\/152\/revisions"}],"predecessor-version":[{"id":237,"href":"https:\/\/transportexpertconseil.com\/index.php\/wp-json\/wp\/v2\/pages\/152\/revisions\/237"}],"wp:attachment":[{"href":"https:\/\/transportexpertconseil.com\/index.php\/wp-json\/wp\/v2\/media?parent=152"}],"curies":[{"name":"wp","href":"https:\/\/api.w.org\/{rel}","templated":true}]}}